{"id":1329,"date":"2024-03-14T15:25:02","date_gmt":"2024-03-14T14:25:02","guid":{"rendered":"https:\/\/nicorentcar.com\/accesibilidad\/"},"modified":"2024-04-02T15:25:19","modified_gmt":"2024-04-02T13:25:19","slug":"barrierefreiheit","status":"publish","type":"page","link":"https:\/\/nicorentcar.com\/de\/barrierefreiheit\/","title":{"rendered":"Barrierefreiheit"},"content":{"rendered":"\t\t<div data-elementor-type=\"wp-page\" data-elementor-id=\"1329\" class=\"elementor elementor-1329 elementor-214\" data-elementor-post-type=\"page\">\n\t\t\t\t\t\t<section class=\"elementor-section elementor-top-section elementor-element elementor-element-110556ab elementor-section-boxed elementor-section-height-default elementor-section-height-default\" data-id=\"110556ab\" data-element_type=\"section\" data-e-type=\"section\" data-settings=\"{&quot;background_background&quot;:&quot;classic&quot;}\">\n\t\t\t\t\t\t\t<div class=\"elementor-background-overlay\"><\/div>\n\t\t\t\t\t\t\t<div class=\"elementor-container elementor-column-gap-no\">\n\t\t\t\t\t<div class=\"elementor-column elementor-col-100 elementor-top-column elementor-element elementor-element-5642e367\" data-id=\"5642e367\" data-element_type=\"column\" data-e-type=\"column\">\n\t\t\t<div class=\"elementor-widget-wrap elementor-element-populated\">\n\t\t\t\t\t\t<div class=\"elementor-element elementor-element-1e506f3 elementor-invisible elementor-widget elementor-widget-heading\" data-id=\"1e506f3\" data-element_type=\"widget\" data-e-type=\"widget\" data-settings=\"{&quot;_animation&quot;:&quot;fadeInUp&quot;}\" data-widget_type=\"heading.default\">\n\t\t\t\t<div class=\"elementor-widget-container\">\n\t\t\t\t\t<h1 class=\"elementor-heading-title elementor-size-default\">Barrierefreiheit<\/h1>\t\t\t\t<\/div>\n\t\t\t\t<\/div>\n\t\t\t\t<section class=\"elementor-section elementor-inner-section elementor-element elementor-element-1a801574 elementor-section-boxed elementor-section-height-default elementor-section-height-default\" data-id=\"1a801574\" data-element_type=\"section\" data-e-type=\"section\">\n\t\t\t\t\t\t<div class=\"elementor-container elementor-column-gap-no\">\n\t\t\t\t\t<div class=\"elementor-column elementor-col-100 elementor-inner-column elementor-element elementor-element-3e880192\" data-id=\"3e880192\" data-element_type=\"column\" data-e-type=\"column\">\n\t\t\t<div class=\"elementor-widget-wrap elementor-element-populated\">\n\t\t\t\t\t\t<div class=\"elementor-element elementor-element-51e3149e elementor-icon-list--layout-inline elementor-align-center elementor-list-item-link-full_width elementor-widget elementor-widget-icon-list\" data-id=\"51e3149e\" data-element_type=\"widget\" data-e-type=\"widget\" data-widget_type=\"icon-list.default\">\n\t\t\t\t<div class=\"elementor-widget-container\">\n\t\t\t\t\t\t\t<ul class=\"elementor-icon-list-items elementor-inline-items\">\n\t\t\t\t\t\t\t<li class=\"elementor-icon-list-item elementor-inline-item\">\n\t\t\t\t\t\t\t\t\t\t\t<a href=\"https:\/\/nicorentcar.com\/de\/\">\n\n\t\t\t\t\t\t\t\t\t\t\t<span class=\"elementor-icon-list-text\">Inicio<\/span>\n\t\t\t\t\t\t\t\t\t\t\t<\/a>\n\t\t\t\t\t\t\t\t\t<\/li>\n\t\t\t\t\t\t\t\t<li class=\"elementor-icon-list-item elementor-inline-item\">\n\t\t\t\t\t\t\t\t\t\t\t<a href=\"https:\/\/nicorentcar.com\/de\/barrierefreiheit\/\">\n\n\t\t\t\t\t\t\t\t\t\t\t\t<span class=\"elementor-icon-list-icon\">\n\t\t\t\t\t\t\t<svg aria-hidden=\"true\" class=\"e-font-icon-svg e-fas-chevron-right\" viewBox=\"0 0 320 512\" xmlns=\"http:\/\/www.w3.org\/2000\/svg\"><path d=\"M285.476 272.971L91.132 467.314c-9.373 9.373-24.569 9.373-33.941 0l-22.667-22.667c-9.357-9.357-9.375-24.522-.04-33.901L188.505 256 34.484 101.255c-9.335-9.379-9.317-24.544.04-33.901l22.667-22.667c9.373-9.373 24.569-9.373 33.941 0L285.475 239.03c9.373 9.372 9.373 24.568.001 33.941z\"><\/path><\/svg>\t\t\t\t\t\t<\/span>\n\t\t\t\t\t\t\t\t\t\t<span class=\"elementor-icon-list-text\">Barrierefreiheit<\/span>\n\t\t\t\t\t\t\t\t\t\t\t<\/a>\n\t\t\t\t\t\t\t\t\t<\/li>\n\t\t\t\t\t\t<\/ul>\n\t\t\t\t\t\t<\/div>\n\t\t\t\t<\/div>\n\t\t\t\t\t<\/div>\n\t\t<\/div>\n\t\t\t\t\t<\/div>\n\t\t<\/section>\n\t\t\t\t\t<\/div>\n\t\t<\/div>\n\t\t\t\t\t<\/div>\n\t\t<\/section>\n\t\t<div class=\"elementor-element elementor-element-f0beb47 e-flex e-con-boxed e-con e-parent\" data-id=\"f0beb47\" data-element_type=\"container\" data-e-type=\"container\">\n\t\t\t\t\t<div class=\"e-con-inner\">\n\t\t\t\t<div class=\"elementor-element elementor-element-c3f0523 elementor-widget elementor-widget-text-editor\" data-id=\"c3f0523\" data-element_type=\"widget\" data-e-type=\"widget\" data-widget_type=\"text-editor.default\">\n\t\t\t\t<div class=\"elementor-widget-container\">\n\t\t\t\t\t\t\t\t\t<p><span style=\"font-weight: 400;\"><strong>BOLIDE IBIZA RENT A CAR SL<\/strong>, <\/span><b><\/b>se ha comprometido a hacer accesible su sitio web y su aplicaci\u00f3n para dispositivos m\u00f3viles, de conformidad con el\u00a0<a href=\"https:\/\/www.boe.es\/buscar\/act.php?id=BOE-A-2018-12699\">Real Decreto 1112\/2018, de 7 de septiembre, sobre accesibilidad de los sitios web y aplicaciones para dispositivos m\u00f3viles del sector p\u00fablico.<\/a><br \/>La presente declaraci\u00f3n de accesibilidad se aplica a <strong>https:\/\/nicorentcar.com\/<\/strong><\/p><p class=\"p1\"><b>2. RECOMENDACIONES PARA SU APLICACI\u00d3N EN EL CONTEXTO NACIONAL<\/b><\/p><ul class=\"ul1\"><li class=\"li1\">La declaraci\u00f3n de accesibilidad puede referirse a uno o varios sitios web y\/o a una o varias aplicaciones para dispositivos m\u00f3viles siempre y cuando tengan la misma situaci\u00f3n de cumplimiento, el mismo contenido no accesible y les aplique tambi\u00e9n la misma informaci\u00f3n del resto de la declaraci\u00f3n. Sin embargo, por claridad en la lectura e interpretaci\u00f3n para los usuarios se recomienda que exista una declaraci\u00f3n de accesibilidad para cada sitio web o para cada aplicaci\u00f3n m\u00f3vil.<\/li><\/ul><ul class=\"ul1\"><li class=\"li1\">Indicar el alcance de la declaraci\u00f3n listando los enlaces de los sitios web y\/o las aplicaciones para dispositivos m\u00f3viles a los que aplica. En el caso de aplicaciones para dispositivos m\u00f3viles, deben facilitarse los datos (sistema operativo, versi\u00f3n\u2026) y la fecha de la versi\u00f3n.<\/li><\/ul><ul class=\"ul1\"><li class=\"li2\"><span class=\"s4\">La referencia a la \u201clegislaci\u00f3n nacional que traspone la Directiva\u201d es el\u00a0<a href=\"https:\/\/www.boe.es\/buscar\/act.php?id=BOE-A-2018-12699\">Real<\/a><br \/><a href=\"https:\/\/www.boe.es\/buscar\/act.php?id=BOE-A-2018-12699\"><span class=\"s5\">Decreto 1112\/2018, de 7 de septiembre, sobre accesibilidad de los sitios web y aplicaciones para dispositivos m\u00f3viles del sector p\u00fablico<\/span>.<\/a><\/span><\/li><\/ul><p class=\"p1\"><b>2.2. SITUACI\u00d3N DE CUMPLIMIENTO<\/b><\/p><p class=\"p1\">Este sitio web es parcialmente conforme con los requisitos de accesibilidad a la falta de<br \/>conformidad de los aspectos a continuaci\u00f3n:<\/p><ul class=\"ul1\"><li class=\"li1\">V\u00eddeo de cabecera de la home.<\/li><\/ul><ul class=\"ul1\"><li class=\"li1\">Ciertos aspectos del formulario de contacto.<\/li><\/ul><ul class=\"ul1\"><li class=\"li1\">Uso ocasional de colores con bajo contraste.<\/li><\/ul><p class=\"p1\"><b>2.3. PREPARACI\u00d3N DE LA PRESENTE DECLARACI\u00d3N DE\u00a0<\/b><b>ACCESIBILIDAD<\/b><\/p><p class=\"p1\">La presente declaraci\u00f3n fue preparada el 14\/03\/2023. una autoevaluaci\u00f3n llevada a cabo por el organismo del sector p\u00fablico.<\/p><p class=\"p1\"><b>2.4. OBSERVACIONES Y DATOS DE CONTACTO<\/b><\/p><p class=\"p1\">Puede realizar comunicaciones sobre requisitos de accesibilidad (art\u00edculo 10.2.a) del RD 1112\/2018) como por ejemplo:<\/p><ul><li>informar sobre cualquier posible incumplimiento por parte de este sitio web<\/li><\/ul><ul><li>transmitir otras dificultades de acceso al contenido<\/li><\/ul><ul><li>formular cualquier otra consulta o sugerencia de mejora relativa a la accesibilidad del sitio web a trav\u00e9s de la siguiente direcci\u00f3n de correo electr\u00f3nico: <strong>info@nicorentcar.com<\/strong><\/li><\/ul><ul><li class=\"p1\">Puede presentar:<\/li><\/ul><ul><li class=\"p1\">una Queja relativa al cumplimiento de los requisitos del RD 1112\/2018 o<\/li><\/ul><ul><li class=\"p1\">una Solicitud de Informaci\u00f3n accesible relativa a:<ul><li class=\"p1\">contenidos que est\u00e1n excluidos del \u00e1mbito de aplicaci\u00f3n del RD 1112\/2018 seg\u00fan lo establecido por el art\u00edculo 3, apartado 4<\/li><li class=\"p1\">contenidos que est\u00e1n exentos del cumplimiento de los requisitos de accesibilidad por<br \/>imponer una carga desproporcionada.<\/li><\/ul><\/li><\/ul><p class=\"p1\">En la Solicitud de informaci\u00f3n accesible, se debe concretar, con toda claridad, los hechos, razones y petici\u00f3n que permitan constatar que se trata de una solicitud razonable y leg\u00edtima.<\/p><p class=\"p1\"><b>2.5. PROCEDIMIENTO DE APLICACI\u00d3N<\/b><\/p><p class=\"p1\">Si una vez realizada una solicitud de informaci\u00f3n accesible o queja, \u00e9sta hubiera sido desestimada, no se estuviera de acuerdo con la decisi\u00f3n adoptada, o la respuesta no cumpliera los requisitos contemplados en el art\u00edculo 12.5, la persona interesada podr\u00e1 iniciar una reclamaci\u00f3n. Igualmente se podr\u00e1 iniciar una reclamaci\u00f3n en el caso de que haya transcurrido el plazo de veinte d\u00edas h\u00e1biles sin haber obtenido respuesta.<\/p><p class=\"p1\">La reclamaci\u00f3n puede ser presentada trav\u00e9s del de la Instancia Gen\u00e9rica de la Sede electr\u00f3nica del Ministerio de Asuntos Econ\u00f3micos y Transformaci\u00f3n Digital, as\u00ed como en el resto de opciones recogidas en la Ley 39\/ 2015, de 1 de octubre, del<br \/>Procedimiento Administrativo Com\u00fan de las Administraciones P\u00fablicas.<\/p>\t\t\t\t\t\t\t\t<\/div>\n\t\t\t\t<\/div>\n\t\t\t\t\t<\/div>\n\t\t\t\t<\/div>\n\t\t\t\t<\/div>\n\t\t","protected":false},"excerpt":{"rendered":"<p>Inicio BOLIDE IBIZA RENT A CAR SL, se ha comprometido a hacer accesible su sitio web y su aplicaci\u00f3n para [&hellip;]<\/p>\n","protected":false},"author":1,"featured_media":0,"parent":0,"menu_order":0,"comment_status":"closed","ping_status":"closed","template":"elementor_header_footer","meta":{"_seopress_robots_primary_cat":"","_seopress_titles_title":"","_seopress_titles_desc":"","_seopress_robots_index":"yes","site-sidebar-layout":"no-sidebar","site-content-layout":"","ast-site-content-layout":"full-width-container","site-content-style":"default","site-sidebar-style":"default","ast-global-header-display":"","ast-banner-title-visibility":"","ast-main-header-display":"","ast-hfb-above-header-display":"","ast-hfb-below-header-display":"","ast-hfb-mobile-header-display":"","site-post-title":"disabled","ast-breadcrumbs-content":"","ast-featured-img":"disabled","footer-sml-layout":"","ast-disable-related-posts":"","theme-transparent-header-meta":"","adv-header-id-meta":"","stick-header-meta":"","header-above-stick-meta":"","header-main-stick-meta":"","header-below-stick-meta":"","astra-migrate-meta-layouts":"default","ast-page-background-enabled":"default","ast-page-background-meta":{"desktop":{"background-color":"var(--ast-global-color-4)","background-image":"","background-repeat":"repeat","background-position":"center center","background-size":"auto","background-attachment":"scroll","background-type":"","background-media":"","overlay-type":"","overlay-color":"","overlay-opacity":"","overlay-gradient":""},"tablet":{"background-color":"","background-image":"","background-repeat":"repeat","background-position":"center center","background-size":"auto","background-attachment":"scroll","background-type":"","background-media":"","overlay-type":"","overlay-color":"","overlay-opacity":"","overlay-gradient":""},"mobile":{"background-color":"","background-image":"","background-repeat":"repeat","background-position":"center center","background-size":"auto","background-attachment":"scroll","background-type":"","background-media":"","overlay-type":"","overlay-color":"","overlay-opacity":"","overlay-gradient":""}},"ast-content-background-meta":{"desktop":{"background-color":"var(--ast-global-color-5)","background-image":"","background-repeat":"repeat","background-position":"center center","background-size":"auto","background-attachment":"scroll","background-type":"","background-media":"","overlay-type":"","overlay-color":"","overlay-opacity":"","overlay-gradient":""},"tablet":{"background-color":"var(--ast-global-color-5)","background-image":"","background-repeat":"repeat","background-position":"center center","background-size":"auto","background-attachment":"scroll","background-type":"","background-media":"","overlay-type":"","overlay-color":"","overlay-opacity":"","overlay-gradient":""},"mobile":{"background-color":"var(--ast-global-color-5)","background-image":"","background-repeat":"repeat","background-position":"center center","background-size":"auto","background-attachment":"scroll","background-type":"","background-media":"","overlay-type":"","overlay-color":"","overlay-opacity":"","overlay-gradient":""}},"_joinchat":[],"footnotes":""},"class_list":["post-1329","page","type-page","status-publish","hentry"],"_links":{"self":[{"href":"https:\/\/nicorentcar.com\/de\/wp-json\/wp\/v2\/pages\/1329","targetHints":{"allow":["GET"]}}],"collection":[{"href":"https:\/\/nicorentcar.com\/de\/wp-json\/wp\/v2\/pages"}],"about":[{"href":"https:\/\/nicorentcar.com\/de\/wp-json\/wp\/v2\/types\/page"}],"author":[{"embeddable":true,"href":"https:\/\/nicorentcar.com\/de\/wp-json\/wp\/v2\/users\/1"}],"replies":[{"embeddable":true,"href":"https:\/\/nicorentcar.com\/de\/wp-json\/wp\/v2\/comments?post=1329"}],"version-history":[{"count":1,"href":"https:\/\/nicorentcar.com\/de\/wp-json\/wp\/v2\/pages\/1329\/revisions"}],"predecessor-version":[{"id":1330,"href":"https:\/\/nicorentcar.com\/de\/wp-json\/wp\/v2\/pages\/1329\/revisions\/1330"}],"wp:attachment":[{"href":"https:\/\/nicorentcar.com\/de\/wp-json\/wp\/v2\/media?parent=1329"}],"curies":[{"name":"wp","href":"https:\/\/api.w.org\/{rel}","templated":true}]}}