{"id":1314,"date":"2024-03-14T15:26:43","date_gmt":"2024-03-14T14:26:43","guid":{"rendered":"https:\/\/nicorentcar.com\/terminos-y-condiciones\/"},"modified":"2024-04-02T15:24:49","modified_gmt":"2024-04-02T13:24:49","slug":"geschaeftsbedingungen","status":"publish","type":"page","link":"https:\/\/nicorentcar.com\/de\/geschaeftsbedingungen\/","title":{"rendered":"Gesch\u00e4ftsbedingungen"},"content":{"rendered":"\t\t<div data-elementor-type=\"wp-page\" data-elementor-id=\"1314\" class=\"elementor elementor-1314 elementor-222\" data-elementor-post-type=\"page\">\n\t\t\t\t\t\t<section class=\"elementor-section elementor-top-section elementor-element elementor-element-110556ab elementor-section-boxed elementor-section-height-default elementor-section-height-default\" data-id=\"110556ab\" data-element_type=\"section\" data-e-type=\"section\" data-settings=\"{&quot;background_background&quot;:&quot;classic&quot;}\">\n\t\t\t\t\t\t\t<div class=\"elementor-background-overlay\"><\/div>\n\t\t\t\t\t\t\t<div class=\"elementor-container elementor-column-gap-no\">\n\t\t\t\t\t<div class=\"elementor-column elementor-col-100 elementor-top-column elementor-element elementor-element-5642e367\" data-id=\"5642e367\" data-element_type=\"column\" data-e-type=\"column\">\n\t\t\t<div class=\"elementor-widget-wrap elementor-element-populated\">\n\t\t\t\t\t\t<div class=\"elementor-element elementor-element-1e506f3 elementor-invisible elementor-widget elementor-widget-heading\" data-id=\"1e506f3\" data-element_type=\"widget\" data-e-type=\"widget\" data-settings=\"{&quot;_animation&quot;:&quot;fadeInUp&quot;}\" data-widget_type=\"heading.default\">\n\t\t\t\t<div class=\"elementor-widget-container\">\n\t\t\t\t\t<h1 class=\"elementor-heading-title elementor-size-default\">Gesch\u00e4ftsbedingungen<\/h1>\t\t\t\t<\/div>\n\t\t\t\t<\/div>\n\t\t\t\t<section class=\"elementor-section elementor-inner-section elementor-element elementor-element-1a801574 elementor-section-boxed elementor-section-height-default elementor-section-height-default\" data-id=\"1a801574\" data-element_type=\"section\" data-e-type=\"section\">\n\t\t\t\t\t\t<div class=\"elementor-container elementor-column-gap-no\">\n\t\t\t\t\t<div class=\"elementor-column elementor-col-100 elementor-inner-column elementor-element elementor-element-3e880192\" data-id=\"3e880192\" data-element_type=\"column\" data-e-type=\"column\">\n\t\t\t<div class=\"elementor-widget-wrap elementor-element-populated\">\n\t\t\t\t\t\t<div class=\"elementor-element elementor-element-51e3149e elementor-icon-list--layout-inline elementor-align-center elementor-list-item-link-full_width elementor-widget elementor-widget-icon-list\" data-id=\"51e3149e\" data-element_type=\"widget\" data-e-type=\"widget\" data-widget_type=\"icon-list.default\">\n\t\t\t\t<div class=\"elementor-widget-container\">\n\t\t\t\t\t\t\t<ul class=\"elementor-icon-list-items elementor-inline-items\">\n\t\t\t\t\t\t\t<li class=\"elementor-icon-list-item elementor-inline-item\">\n\t\t\t\t\t\t\t\t\t\t\t<a href=\"https:\/\/nicorentcar.com\/de\/\">\n\n\t\t\t\t\t\t\t\t\t\t\t<span class=\"elementor-icon-list-text\">Inicio<\/span>\n\t\t\t\t\t\t\t\t\t\t\t<\/a>\n\t\t\t\t\t\t\t\t\t<\/li>\n\t\t\t\t\t\t\t\t<li class=\"elementor-icon-list-item elementor-inline-item\">\n\t\t\t\t\t\t\t\t\t\t\t<a href=\"https:\/\/nicorentcar.com\/de\/geschaeftsbedingungen\/\">\n\n\t\t\t\t\t\t\t\t\t\t\t\t<span class=\"elementor-icon-list-icon\">\n\t\t\t\t\t\t\t<svg aria-hidden=\"true\" class=\"e-font-icon-svg e-fas-chevron-right\" viewBox=\"0 0 320 512\" xmlns=\"http:\/\/www.w3.org\/2000\/svg\"><path d=\"M285.476 272.971L91.132 467.314c-9.373 9.373-24.569 9.373-33.941 0l-22.667-22.667c-9.357-9.357-9.375-24.522-.04-33.901L188.505 256 34.484 101.255c-9.335-9.379-9.317-24.544.04-33.901l22.667-22.667c9.373-9.373 24.569-9.373 33.941 0L285.475 239.03c9.373 9.372 9.373 24.568.001 33.941z\"><\/path><\/svg>\t\t\t\t\t\t<\/span>\n\t\t\t\t\t\t\t\t\t\t<span class=\"elementor-icon-list-text\">Gesch\u00e4ftsbedingungen<\/span>\n\t\t\t\t\t\t\t\t\t\t\t<\/a>\n\t\t\t\t\t\t\t\t\t<\/li>\n\t\t\t\t\t\t<\/ul>\n\t\t\t\t\t\t<\/div>\n\t\t\t\t<\/div>\n\t\t\t\t\t<\/div>\n\t\t<\/div>\n\t\t\t\t\t<\/div>\n\t\t<\/section>\n\t\t\t\t\t<\/div>\n\t\t<\/div>\n\t\t\t\t\t<\/div>\n\t\t<\/section>\n\t\t<div class=\"elementor-element elementor-element-f0beb47 e-flex e-con-boxed e-con e-parent\" data-id=\"f0beb47\" data-element_type=\"container\" data-e-type=\"container\">\n\t\t\t\t\t<div class=\"e-con-inner\">\n\t\t\t\t<div class=\"elementor-element elementor-element-c3f0523 elementor-widget elementor-widget-text-editor\" data-id=\"c3f0523\" data-element_type=\"widget\" data-e-type=\"widget\" data-widget_type=\"text-editor.default\">\n\t\t\t\t<div class=\"elementor-widget-container\">\n\t\t\t\t\t\t\t\t\t<h4>Utilizaci\u00f3n del veh\u00edculo<\/h4><p>El arrendatario recibe en alquiler el veh\u00edculo y accesorios descritos en el anverso del contrato. En perfectas condiciones de funcionamiento y se compromete a conservarlos y conducir el veh\u00edculo cumpliendo las normas del C\u00f3digo e Circulaci\u00f3n.<\/p><p>Queda expresamente prohibido:<\/p><ol><li>Transportar personas o mercanc\u00edas, cuando ello implique directa o indirectamente el subarriendo del veh\u00edculo.<\/li><li>Conducir el veh\u00edculo personas no autorizadas en el anverso del contrato.<\/li><li>Conducir el veh\u00edculo en inferioridad de condiciones f\u00edsicas, motivadas por el alcohol, drogas, fatiga o enfermedad, etc., quedando anulado cualquier seguro complementario y debiendo anonar cualquier desperfecto ocasionado al veh\u00edculo y\/o a terceros.<\/li><li>Utilizar el veh\u00edculo para empujar o remolcar otros veh\u00edculos o cosas.<\/li><li>Participar con el veh\u00edculo en pruebas deportivas.<\/li><li>Utilizar el vehiculo indebidamente, (por ejemplo meterlo en la arena, agua salado, por zonas no actas para la conducci\u00f3n, etc.)<\/li><li>Transportar el vehiculo a otras islas o a la pen\u00ednsula, salvo autorizaci\u00f3n de la compa\u00f1\u00eda.<\/li><\/ol><p>Cualquier incumplimiento de estas normas, el arrendatario se har\u00e1 cargo de la reparaci\u00f3n del veh\u00edculo o la sanci\u00f3n.<\/p><h4>Devoluci\u00f3n del veh\u00edculo<\/h4><p>El veh\u00edculo se devolver\u00e1 en el lugar, fecha y hora estipulada en el contrato.<\/p><p>El veh\u00edculo se entregar\u00e1 lleno de gasolina\/diesel y se devolver\u00e1 lleno de gasolina\/diesel, si faltase gasolina\/diesel ser\u00eda a cargo del cliente.<\/p><p>El d\u00eda de alquiler es de 09:00h hasta 24:00.<\/p><p>Cualquier alteraci\u00f3n deber\u00e1 ser previamente autorizada por el Arrendador.<\/p><p>El incumplimiento de cualquier de estas condiciones, el Arrendador se reserva el derecho de actual judicialmente contra el arrendatario.<\/p><h4>Cargos del alquiler<\/h4><p>El Arrendatario acepta pagar adem\u00e1s de los cargos por el alquiler del veh\u00edculo e impuestos, determinados por el anverso del contrato, los ocasionados por la p\u00e9rdida de documentos y llaves del veh\u00edculo. As\u00ed como toda clase de multas y gastos judiciales motivados por infracci\u00f3n de tr\u00e1fico o infrigimiento de Leyes, reglamentos u ordenanzas por parte del Arrendatario.<\/p><p>La aplicaci\u00f3n de la tarifa de arriendo convenida inicialmente, queda supeditada a la devoluci\u00f3n del veh\u00edculo se realice en el lugar y fecha y hora, prevista en el contrato.<\/p><p>En el caso de que el arrendatario quisiera conservar su veh\u00edculo por tiempo superior al convenido inicialmente, deber\u00e1 obtener autorizaci\u00f3n escrita del arrendador, a qui\u00e9n deber\u00e1 remitir el importe correspondiente, ya que en otro caso podr\u00e1 ser objeto de reclamaci\u00f3n judicial por apropiaci\u00f3n indebida del veh\u00edculo y abuso de confianza.<\/p><h4>Seguro<\/h4><p>El aseguro concertado por el Arrendatario es a TERCEROS, es decir, cubre al Arrendatario o personas autorizadas por el contrato, contra la respetabilidad civil y obligatoria de forma ilimitada. Cualquier da\u00f1o sufrido por el veh\u00edculo teniendo la culpa el arrendatario es a cargo del Arrendatario.<\/p><p>No se consideran como terceras personas los afectados del seguro, el c\u00f3nyuge, ascendientes, descendientes y hermanos del Arrendatario o conductor autorizado, as\u00ed como socios y personas que tengan relaci\u00f3n de salario o dependencia. Queda expresamente excluidos de la garant\u00eda de seguro, la p\u00e9rdida, el robo o da\u00f1os causados a bienes transportados por el arrendatario. El Arrendatario es responsable e ir\u00e1n a su cargo los da\u00f1os causados al veh\u00edculo arrendado, incluso el incendio, robo o perdida. El arrendatario quedar\u00e1 exento de esta responsabilidad total de la reparaci\u00f3n de los da\u00f1os causados al veh\u00edculo, mediante el pago de la franquicia estipulada en el anverso del contrato, siempre que estuviera previamente firmada al arrendar el veh\u00edculo, de lo contrario el veh\u00edculo estar\u00e1 asegurado \u00fanicamente con el seguro obligatorio o llamado a \u201cterceros\u201d.<\/p><h4>Accidente<\/h4><p>El Arrendatario tomar\u00e1 las siguientes medidas, en caso de accidente sufrido por el veh\u00edculo arrendado.<\/p><ol><li>Avisar al Arrendador del accidente, incluso por tel\u00e9fono si es grave el accidente.<\/li><li>Obtener datos completos de la parte contraria.<\/li><li>Avisar a las autoridades, si existe culpabilidad por la parte contraria.<\/li><\/ol><h4>Responsabilidad del arrendador<\/h4><p>El Arrendador declara haber tomado las debidas precauciones para evitar fallos mec\u00e1nicos del veh\u00edculo arrendado, pero en caso de ocurrir el arrendador se compromete a reparar el veh\u00edculo lo m\u00e1s r\u00e1pido posible o intentar darle otro veh\u00edculo.<\/p><p>No asume ninguna responsabilidad por los perjuicios que directa o indirectamente pudieran causarse al arrendatario, como consecuencia de dichos fallos o aver\u00edas mec\u00e1nicas.<\/p><h4>Cancelaci\u00f3n de la reserva<\/h4><p>Entendemos que sus planes pueden cambiar y en Bolide Ibiza Rent Car nos comprometemos a ofrecer flexibilidad y comprensi\u00f3n en tales situaciones. A continuaci\u00f3n, se detallan nuestras pol\u00edticas de cancelaci\u00f3n:<\/p><p><strong>Procedimiento de Cancelaci\u00f3n:<\/strong> Para cancelar su reserva, por favor, p\u00f3ngase en contacto con nosotros a trav\u00e9s del correo electr\u00f3nico bolideibizarentcar@gmail.com. Aseg\u00farese de incluir los detalles relevantes de su reserva para agilizar el proceso.<\/p><p><strong>Reembolsos en Cancelaciones Anticipadas:<\/strong> Si realiza la cancelaci\u00f3n de su reserva con al menos 30 d\u00edas de antelaci\u00f3n a la fecha de inicio del alquiler, tendr\u00e1 derecho a un reembolso del 50% del importe total del alquiler.<\/p><p><strong>Cancelaciones Tard\u00edas:<\/strong> Tenga en cuenta que si cancela su reserva con menos de 30 d\u00edas de antelaci\u00f3n a la fecha de inicio del alquiler, no ser\u00e1 posible realizar un reembolso del importe total del alquiler. Esta pol\u00edtica nos ayuda a gestionar de manera eficiente nuestra flota de veh\u00edculos y a ofrecer un servicio de calidad a todos nuestros clientes.<\/p><p><strong>Modificaciones de la Reserva:<\/strong> Si necesita modificar su reserva, por favor, cont\u00e1ctenos lo antes posible. Haremos nuestro mejor esfuerzo para acomodar sus cambios, sujeto a disponibilidad y posibles ajustes en las tarifas.<\/p><p><strong>Casos Excepcionales:<\/strong> En casos de fuerza mayor o circunstancias imprevistas, estamos dispuestos a considerar excepciones a nuestras pol\u00edticas de cancelaci\u00f3n. Para tales situaciones, por favor p\u00f3ngase en contacto con nosotros directamente.<\/p><h4>Jurisdicci\u00f3n<\/h4><p>Cualquier discrepancia que surgiera entre el Arrendador y el Arrendatario, ser\u00e1 sometida al fuero de los Tribunales de Ibiza, con renuncia expresa a cualquier otro.<\/p>\t\t\t\t\t\t\t\t<\/div>\n\t\t\t\t<\/div>\n\t\t\t\t\t<\/div>\n\t\t\t\t<\/div>\n\t\t\t\t<\/div>\n\t\t","protected":false},"excerpt":{"rendered":"<p>Inicio Utilizaci\u00f3n del veh\u00edculo El arrendatario recibe en alquiler el veh\u00edculo y accesorios descritos en el anverso del contrato. En [&hellip;]<\/p>\n","protected":false},"author":1,"featured_media":0,"parent":0,"menu_order":0,"comment_status":"closed","ping_status":"closed","template":"elementor_header_footer","meta":{"_seopress_robots_primary_cat":"","_seopress_titles_title":"","_seopress_titles_desc":"","_seopress_robots_index":"yes","site-sidebar-layout":"no-sidebar","site-content-layout":"","ast-site-content-layout":"full-width-container","site-content-style":"default","site-sidebar-style":"default","ast-global-header-display":"","ast-banner-title-visibility":"","ast-main-header-display":"","ast-hfb-above-header-display":"","ast-hfb-below-header-display":"","ast-hfb-mobile-header-display":"","site-post-title":"disabled","ast-breadcrumbs-content":"","ast-featured-img":"disabled","footer-sml-layout":"","ast-disable-related-posts":"","theme-transparent-header-meta":"","adv-header-id-meta":"","stick-header-meta":"","header-above-stick-meta":"","header-main-stick-meta":"","header-below-stick-meta":"","astra-migrate-meta-layouts":"default","ast-page-background-enabled":"default","ast-page-background-meta":{"desktop":{"background-color":"var(--ast-global-color-4)","background-image":"","background-repeat":"repeat","background-position":"center center","background-size":"auto","background-attachment":"scroll","background-type":"","background-media":"","overlay-type":"","overlay-color":"","overlay-opacity":"","overlay-gradient":""},"tablet":{"background-color":"","background-image":"","background-repeat":"repeat","background-position":"center center","background-size":"auto","background-attachment":"scroll","background-type":"","background-media":"","overlay-type":"","overlay-color":"","overlay-opacity":"","overlay-gradient":""},"mobile":{"background-color":"","background-image":"","background-repeat":"repeat","background-position":"center center","background-size":"auto","background-attachment":"scroll","background-type":"","background-media":"","overlay-type":"","overlay-color":"","overlay-opacity":"","overlay-gradient":""}},"ast-content-background-meta":{"desktop":{"background-color":"var(--ast-global-color-5)","background-image":"","background-repeat":"repeat","background-position":"center center","background-size":"auto","background-attachment":"scroll","background-type":"","background-media":"","overlay-type":"","overlay-color":"","overlay-opacity":"","overlay-gradient":""},"tablet":{"background-color":"var(--ast-global-color-5)","background-image":"","background-repeat":"repeat","background-position":"center center","background-size":"auto","background-attachment":"scroll","background-type":"","background-media":"","overlay-type":"","overlay-color":"","overlay-opacity":"","overlay-gradient":""},"mobile":{"background-color":"var(--ast-global-color-5)","background-image":"","background-repeat":"repeat","background-position":"center center","background-size":"auto","background-attachment":"scroll","background-type":"","background-media":"","overlay-type":"","overlay-color":"","overlay-opacity":"","overlay-gradient":""}},"_joinchat":[],"footnotes":""},"class_list":["post-1314","page","type-page","status-publish","hentry"],"_links":{"self":[{"href":"https:\/\/nicorentcar.com\/de\/wp-json\/wp\/v2\/pages\/1314","targetHints":{"allow":["GET"]}}],"collection":[{"href":"https:\/\/nicorentcar.com\/de\/wp-json\/wp\/v2\/pages"}],"about":[{"href":"https:\/\/nicorentcar.com\/de\/wp-json\/wp\/v2\/types\/page"}],"author":[{"embeddable":true,"href":"https:\/\/nicorentcar.com\/de\/wp-json\/wp\/v2\/users\/1"}],"replies":[{"embeddable":true,"href":"https:\/\/nicorentcar.com\/de\/wp-json\/wp\/v2\/comments?post=1314"}],"version-history":[{"count":1,"href":"https:\/\/nicorentcar.com\/de\/wp-json\/wp\/v2\/pages\/1314\/revisions"}],"predecessor-version":[{"id":1315,"href":"https:\/\/nicorentcar.com\/de\/wp-json\/wp\/v2\/pages\/1314\/revisions\/1315"}],"wp:attachment":[{"href":"https:\/\/nicorentcar.com\/de\/wp-json\/wp\/v2\/media?parent=1314"}],"curies":[{"name":"wp","href":"https:\/\/api.w.org\/{rel}","templated":true}]}}